{"id":817,"date":"2026-03-16T20:22:05","date_gmt":"2026-03-16T19:22:05","guid":{"rendered":"https:\/\/www.tianan.es\/aviso-legal\/"},"modified":"2026-04-10T00:20:26","modified_gmt":"2026-04-09T22:20:26","slug":"aviso-legal","status":"publish","type":"page","link":"https:\/\/www.tianan.es\/es\/aviso-legal\/","title":{"rendered":"AVISO LEGAL"},"content":{"rendered":"<p>[et_pb_section fb_built=\u00bb1&#8243; admin_label=\u00bbsection\u00bb _builder_version=\u00bb4.16&#8243; global_colors_info=\u00bb{}\u00bb][et_pb_row admin_label=\u00bbrow\u00bb _builder_version=\u00bb4.16&#8243; background_size=\u00bbinitial\u00bb background_position=\u00bbtop_left\u00bb background_repeat=\u00bbrepeat\u00bb global_colors_info=\u00bb{}\u00bb][et_pb_column type=\u00bb4_4&#8243; _builder_version=\u00bb4.16&#8243; custom_padding=\u00bb|||\u00bb global_colors_info=\u00bb{}\u00bb custom_padding__hover=\u00bb|||\u00bb][et_pb_text admin_label=\u00bbText\u00bb _builder_version=\u00bb4.16&#8243; background_size=\u00bbinitial\u00bb background_position=\u00bbtop_left\u00bb background_repeat=\u00bbrepeat\u00bb global_colors_info=\u00bb{}\u00bb]<\/p>\n<p><strong>Titular del sitio web:<\/strong><\/p>\n<\/p>\n<p>Tianan Corredur\u00eda de Seguros SL<br \/>CIF: B70821468<br \/>Domicilio social: Calle Villablino, 27. L. 48 Fuenlabrada Pol. Ind. Cobo Calleja, 28947, Madrid, Espa\u00f1a<br \/>Correo electr\u00f3nico: info@tianan.es<\/p>\n<\/p>\n<p><strong>Objeto del sitio web<\/strong><\/p>\n<\/p>\n<p>El presente sitio web tiene como finalidad facilitar a los clientes el pago online de importes correspondientes a p\u00f3lizas o recibos de seguros previamente confirmados, as\u00ed como otros servicios previamente aceptados por el cliente.<\/p>\n<\/p>\n<p><strong>Condici\u00f3n de usuario<\/strong><\/p>\n<\/p>\n<p>La navegaci\u00f3n y utilizaci\u00f3n de este sitio web atribuye la condici\u00f3n de usuario e implica la aceptaci\u00f3n de las condiciones aqu\u00ed publicadas.<\/p>\n<\/p>\n<p><strong>Propiedad intelectual e industrial<\/strong><\/p>\n<\/p>\n<p>Todos los contenidos del sitio web, incluyendo textos, im\u00e1genes, logotipos, dise\u00f1o, estructura y c\u00f3digo, son titularidad de Tianan Corredur\u00eda de Seguros SL o se utilizan con la debida autorizaci\u00f3n, y est\u00e1n protegidos por la normativa aplicable en materia de propiedad intelectual e industrial.<\/p>\n<\/p>\n<p><strong>Responsabilidad<\/strong><\/p>\n<\/p>\n<p>Tianan Corredur\u00eda de Seguros SL no se responsabiliza de los da\u00f1os o perjuicios que pudieran derivarse de interferencias, interrupciones, aver\u00edas inform\u00e1ticas, desconexiones o ca\u00eddas del sistema ajenas a su control, ni del uso indebido del sitio web por parte del usuario.<\/p>\n<\/p>\n<p><strong>Legislaci\u00f3n aplicable<\/strong><\/p>\n<\/p>\n<p>La relaci\u00f3n entre el usuario y el titular del sitio web se regir\u00e1 por la normativa espa\u00f1ola vigente.<\/p>\n<\/p>\n<p>[\/et_pb_text][\/et_pb_column][\/et_pb_row][\/et_pb_section]<\/p>\n","protected":false},"excerpt":{"rendered":"<p>Titular del sitio web: Tianan Corredur\u00eda de Seguros SLCIF: B70821468Domicilio social: Calle Villablino, 27. L. 48 Fuenlabrada Pol. Ind. Cobo Calleja, 28947, Madrid, Espa\u00f1aCorreo electr\u00f3nico: info@tianan.es Objeto del sitio web El presente sitio web tiene como finalidad facilitar a los clientes el pago online de importes correspondientes a p\u00f3lizas o recibos de seguros previamente confirmados, [&hellip;]<\/p>\n","protected":false},"author":1,"featured_media":0,"parent":0,"menu_order":0,"comment_status":"closed","ping_status":"closed","template":"","meta":{"_et_pb_use_builder":"on","_et_pb_old_content":"","_et_gb_content_width":"","footnotes":""},"class_list":["post-817","page","type-page","status-publish","hentry"],"_links":{"self":[{"href":"https:\/\/www.tianan.es\/es\/wp-json\/wp\/v2\/pages\/817","targetHints":{"allow":["GET"]}}],"collection":[{"href":"https:\/\/www.tianan.es\/es\/wp-json\/wp\/v2\/pages"}],"about":[{"href":"https:\/\/www.tianan.es\/es\/wp-json\/wp\/v2\/types\/page"}],"author":[{"embeddable":true,"href":"https:\/\/www.tianan.es\/es\/wp-json\/wp\/v2\/users\/1"}],"replies":[{"embeddable":true,"href":"https:\/\/www.tianan.es\/es\/wp-json\/wp\/v2\/comments?post=817"}],"version-history":[{"count":4,"href":"https:\/\/www.tianan.es\/es\/wp-json\/wp\/v2\/pages\/817\/revisions"}],"predecessor-version":[{"id":915,"href":"https:\/\/www.tianan.es\/es\/wp-json\/wp\/v2\/pages\/817\/revisions\/915"}],"wp:attachment":[{"href":"https:\/\/www.tianan.es\/es\/wp-json\/wp\/v2\/media?parent=817"}],"curies":[{"name":"wp","href":"https:\/\/api.w.org\/{rel}","templated":true}]}}