{"id":803,"date":"2026-02-21T09:04:02","date_gmt":"2026-02-21T08:04:02","guid":{"rendered":"https:\/\/www.tianan.es\/imprint\/"},"modified":"2026-03-01T02:34:27","modified_gmt":"2026-03-01T01:34:27","slug":"imprint","status":"publish","type":"page","link":"https:\/\/www.tianan.es\/es\/imprint\/","title":{"rendered":"Imprint"},"content":{"rendered":"\n<!-- Legal document generated by Complianz | GDPR\/CCPA Cookie Consent https:\/\/wordpress.org\/plugins\/complianz-gdpr -->\n<div id=\"cmplz-document\" class=\"cmplz-document impressum cmplz-document-all\"><p><i>Este aviso legal \/ imprint fue actualizado por \u00faltima vez el 9 de abril de 2026.<\/i><\/p><p class=\"cmplz-subtitle\">El propietario de esta web es:<\/p><p>Tianan Corredur\u00eda de Seguros SL <br>Calle Villablino, 27. L. 48 Fuenlabrada Pol. Ind. Cobo Calleja, 28947, Madrid, Espa\u00f1a<br>Espa\u00f1a<br>Correo electr\u00f3nico:&nbsp;<span class=\"cmplz-obfuscate\">&#105;&#110;fo@<span class=\"cmplz-fmail-domain\">ex&#046;&#099;om<\/span>t&#105;a&#110;&#097;&#110;&#046;&#101;&#115;<\/span><br>N\u00famero de tel\u00e9fono: 910 60 23 40<br>CIF (N\u00famero de IVA):&nbsp;B70821468<\/p><h2>1. General<\/h2><p>No estamos dispuestos ni obligados a participar en procedimientos de resoluci\u00f3n de conflictos ante una junta de arbitraje de consumo.<\/p><h2>2. La siguiente informaci\u00f3n es obligatoria seg\u00fan la legislaci\u00f3n alemana.<\/h2><\/div>","protected":false},"excerpt":{"rendered":"","protected":false},"author":1,"featured_media":0,"parent":0,"menu_order":0,"comment_status":"closed","ping_status":"closed","template":"","meta":{"_et_pb_use_builder":"","_et_pb_old_content":"","_et_gb_content_width":"","footnotes":""},"class_list":["post-803","page","type-page","status-publish","hentry"],"_links":{"self":[{"href":"https:\/\/www.tianan.es\/es\/wp-json\/wp\/v2\/pages\/803","targetHints":{"allow":["GET"]}}],"collection":[{"href":"https:\/\/www.tianan.es\/es\/wp-json\/wp\/v2\/pages"}],"about":[{"href":"https:\/\/www.tianan.es\/es\/wp-json\/wp\/v2\/types\/page"}],"author":[{"embeddable":true,"href":"https:\/\/www.tianan.es\/es\/wp-json\/wp\/v2\/users\/1"}],"replies":[{"embeddable":true,"href":"https:\/\/www.tianan.es\/es\/wp-json\/wp\/v2\/comments?post=803"}],"version-history":[{"count":1,"href":"https:\/\/www.tianan.es\/es\/wp-json\/wp\/v2\/pages\/803\/revisions"}],"predecessor-version":[{"id":804,"href":"https:\/\/www.tianan.es\/es\/wp-json\/wp\/v2\/pages\/803\/revisions\/804"}],"wp:attachment":[{"href":"https:\/\/www.tianan.es\/es\/wp-json\/wp\/v2\/media?parent=803"}],"curies":[{"name":"wp","href":"https:\/\/api.w.org\/{rel}","templated":true}]}}